{"id":655,"date":"2017-03-03T10:47:44","date_gmt":"2017-03-03T09:47:44","guid":{"rendered":"http:\/\/www.lautern-frueher.de\/cms\/?page_id=655"},"modified":"2019-05-07T09:49:55","modified_gmt":"2019-05-07T07:49:55","slug":"ueber-uns","status":"publish","type":"page","link":"https:\/\/www.lautern-frueher.de\/cms\/ueber-uns\/","title":{"rendered":"\u00dcber uns"},"content":{"rendered":"<div class=\"wpb-content-wrapper\"><p>[vc_row][vc_column][vc_column_text]<\/p>\n<h2>\u00dcber uns<\/h2>\n<p>Leben bedeutet Ver\u00e4nderung. Auch Kaiserslautern hat sich in den vergangen 150 Jahren stark gewandelt. Wir haben es uns zur Aufgabe gemacht, die Stadt so zu zeigen, wie sie nie wieder sein wird. Viele historische Geb\u00e4ude wurden abgerissen, umgebaut oder im Krieg zerst\u00f6rt. Durch das Sammeln und Ver\u00f6ffentlichen alter Fotos, Illustrationen, Abbildungen und anderer bildlicher oder grafischer Arbeiten m\u00f6chten wir dieses fast verlorene Kulturgut bewahren und weitergeben.<\/p>\n<p>Unsere Webseite soll ein nicht-kommerzieller, interaktiver Bildband des alten Kaiserslautern sein. Daher kann sie von allen Besuchern kostenlos angesehen werden. Die Bilder und Fotos unterliegen Urheberrechten und d\u00fcrfen nicht f\u00fcr andere Zwecke genutzt werden! Weiterhin ist f\u00fcr das Hochladen eigener Bilder eine Anmeldung erforderlich, um Missbrauch, wie Werbung, rechtswidrige oder jugendgef\u00e4hrdende Inhalte, zu vermeiden. N\u00e4heres dazu entnehmen Sie bitte unseren <a href=\"https:\/\/www.lautern-frueher.de\/cms\/nutzungsbedingungen\/\">Nutzungsbedingungen<\/a>.[\/vc_column_text][\/vc_column][\/vc_row][vc_row][vc_column width=&#8220;1\/3&#8243; offset=&#8220;vc_hidden-sm vc_hidden-xs&#8220;][vc_column_text]<\/p>\n<h3 style=\"color: #5b3531; text-align: center;\">Hochladen<\/h3>\n<p style=\"text-align: center;\"><a href=\"https:\/\/www.lautern-frueher.de\/cms\/upload\/\"><img loading=\"lazy\" decoding=\"async\" class=\"vc_single_image-img attachment-full aligncenter\" src=\"https:\/\/www.lautern-frueher.de\/cms\/wp-content\/uploads\/2016\/03\/Upload.png\" alt=\"Forum\" width=\"113\" height=\"113\" \/><\/a><br \/>\nSie haben ein altes Foto von Kaiserslautern? Dann helfen Sie uns unsere Sammlung zu vervollst\u00e4ndigen<\/p>\n<p>[\/vc_column_text][\/vc_column][vc_column width=&#8220;1\/3&#8243;][vc_column_text]<\/p>\n<h3 style=\"color: #5b3531; text-align: center;\">Kontakt<\/h3>\n<p style=\"text-align: center;\"><a href=\"https:\/\/www.lautern-frueher.de\/cms\/kontakt\/\"><img loading=\"lazy\" decoding=\"async\" class=\"vc_single_image-img attachment-full aligncenter\" src=\"https:\/\/www.lautern-frueher.de\/cms\/wp-content\/uploads\/2016\/03\/Contact.png\" alt=\"Forum\" width=\"113\" height=\"113\" \/><\/a><br \/>\nSie haben weitere Fragen, Anregungen oder Vorschl\u00e4ge? Dann melden Sie sich einfach direkt bei uns<\/p>\n<p>[\/vc_column_text][\/vc_column][vc_column width=&#8220;1\/3&#8243;][vc_column_text]<\/p>\n<h3 style=\"color: #5b3531; text-align: center;\">Weiter ohne Anmelden<\/h3>\n<p style=\"text-align: center;\"><a href=\"https:\/\/www.lautern-frueher.de\/cms\/\"><img loading=\"lazy\" decoding=\"async\" class=\"vc_single_image-img attachment-full aligncenter\" src=\"https:\/\/www.lautern-frueher.de\/cms\/wp-content\/uploads\/2017\/03\/Weiter.png\" alt=\"Forum\" width=\"113\" height=\"113\" \/><\/a><br \/>\nHier geht\u00b4s zu den Bildern<\/p>\n<p>[\/vc_column_text][\/vc_column][\/vc_row]<\/p>\n<\/div>","protected":false},"excerpt":{"rendered":"<p>[vc_row][vc_column][vc_column_text] \u00dcber uns Leben bedeutet Ver\u00e4nderung. Auch Kaiserslautern hat sich in den vergangen 150 Jahren stark gewandelt. Wir haben es uns zur Aufgabe gemacht, die Stadt so zu zeigen, wie sie nie wieder sein wird. Viele historische Geb\u00e4ude wurden abgerissen, umgebaut oder im Krieg zerst\u00f6rt. Durch das Sammeln und Ver\u00f6ffentlichen alter Fotos, Illustrationen, Abbildungen und&hellip;<\/p>\n","protected":false},"author":1,"featured_media":0,"parent":0,"menu_order":0,"comment_status":"closed","ping_status":"closed","template":"","meta":{"footnotes":""},"class_list":["post-655","page","type-page","status-publish","hentry","description-off"],"_links":{"self":[{"href":"https:\/\/www.lautern-frueher.de\/cms\/wp-json\/wp\/v2\/pages\/655","targetHints":{"allow":["GET"]}}],"collection":[{"href":"https:\/\/www.lautern-frueher.de\/cms\/wp-json\/wp\/v2\/pages"}],"about":[{"href":"https:\/\/www.lautern-frueher.de\/cms\/wp-json\/wp\/v2\/types\/page"}],"author":[{"embeddable":true,"href":"https:\/\/www.lautern-frueher.de\/cms\/wp-json\/wp\/v2\/users\/1"}],"replies":[{"embeddable":true,"href":"https:\/\/www.lautern-frueher.de\/cms\/wp-json\/wp\/v2\/comments?post=655"}],"version-history":[{"count":15,"href":"https:\/\/www.lautern-frueher.de\/cms\/wp-json\/wp\/v2\/pages\/655\/revisions"}],"predecessor-version":[{"id":746,"href":"https:\/\/www.lautern-frueher.de\/cms\/wp-json\/wp\/v2\/pages\/655\/revisions\/746"}],"wp:attachment":[{"href":"https:\/\/www.lautern-frueher.de\/cms\/wp-json\/wp\/v2\/media?parent=655"}],"curies":[{"name":"wp","href":"https:\/\/api.w.org\/{rel}","templated":true}]}}