{"id":627,"date":"2017-03-03T09:48:05","date_gmt":"2017-03-03T08:48:05","guid":{"rendered":"http:\/\/www.lautern-frueher.de\/cms\/?page_id=627"},"modified":"2017-03-03T10:28:18","modified_gmt":"2017-03-03T09:28:18","slug":"nutzungsbedingungen","status":"publish","type":"page","link":"https:\/\/www.lautern-frueher.de\/cms\/nutzungsbedingungen\/","title":{"rendered":"Nutzungsbedingungen"},"content":{"rendered":"<div class=\"wpb-content-wrapper\"><p>[vc_row][vc_column offset=&#8220;vc_col-xs-1&#8243;][vc_column_text css=&#8220;.vc_custom_1469002697385{margin-bottom: 20px !important;}&#8220;]<\/p>\n<h2>Nutzungsbedingungen<\/h2>\n<p>[\/vc_column_text][\/vc_column][\/vc_row][vc_row][vc_column][vc_column_text]Zuletzt aktualisiert am 24.05.2016<\/p>\n<p>Grundlage dieses Vertrages ist die Idee, \u00fcber die Dom\u00e4ne www.lautern-frueher.de, der interessierten \u00d6ffentlichkeit Fotos, Dokumente, Berichte und \u00c4hnliches kostenfrei und ohne die Absicht, mit den Informationen und Werken in gewerblicher Weise Ums\u00e4tze zu erzielen, zur Verf\u00fcgung zu stellen. Es handelt sich um einen selbstlosen Dienst an der Allgemeinheit und f\u00fcr Interessierte Menschen, die sich am Thema \u201eLautern fr\u00fcher\u201c interessieren und dabei mithelfen m\u00f6chten, Informationen zusammenzutragen um dieses \u201eBild von Kaiserslautern\u201c \u00e4hnlich einem Mosaik zu vervollst\u00e4ndigen.<\/p>\n<p>Diese Bedingungen regeln Ihren Gebrauch unserer Website und Dienste wie das Hoch- und Herunterladen von Inhalten auf die oder von der Website (jede hoch- oder heruntergeladene Aufnahme, Illustration, Abbildung oder sonstige malerische oder grafische Arbeit wird als <strong>\u201eWerk\u201c<\/strong> bezeichnet; die auf der Website verf\u00fcgbaren Dienste werden zusammen <strong>\u201eDienste\u201c<\/strong> genannt). Mit Ihrer Nutzung der Dienste oder Website erkl\u00e4ren Sie sich mit diesen Bedingungen einverstanden. Wenn Sie unsere Website oder Dienste im Auftrag eines Rechtstr\u00e4gers nutzen, dann gilt dieser Vertrag f\u00fcr diesen Rechtstr\u00e4ger und seine verbundenen Unternehmen. In diesem Fall sichern Sie zu und gew\u00e4hrleisten, dass Sie die Befugnis besitzen, diesen Rechtstr\u00e4ger zur Einhaltung dieser Nutzungsbedingungen zu verpflichten.<\/p>\n<p>&nbsp;<\/p>\n<h4>1. Beschreibung der Webseite<\/h4>\n<p><strong>1.1 Allgemeine Beschreibung.<\/strong> Die Website enth\u00e4lt einen kostenlosen und geb\u00fchrenfreien, auf selbstloser Basis agierenden Online-Platz zum ausschlie\u00dflichen Hochladen von Werken. Des Weiteren ist die Website allgemein in zwei Abschnitte gegliedert: einen \u00f6ffentlichen und einen privaten Abschnitt. Der \u00f6ffentliche Abschnitt bietet allen Besuchern u. a. allgemeine Informationen \u00fcber die Website, die M\u00f6glichkeit, Werke auf der Website zu suchen und anzusehen und Kommentare auf unserem offiziellen Weblog und Forum anzusehen und abzugeben. Der private Abschnitt ist Mitgliedern vorbehalten. Der private Abschnitt bietet Mitgliedern (zus\u00e4tzlich zu den im \u00f6ffentlichen Abschnitt verf\u00fcgbaren Dienstleistungen) die M\u00f6glichkeit, Werke hochzuladen.<\/p>\n<p><strong>1.2 Registrierung.<\/strong> Jeder Besucher kann sich durch Er\u00f6ffnung eines Kontos bei uns als Mitglied registrieren lassen (\u201e<strong>Mitglied<\/strong>\u201c). Das Mitglied muss auch angeben, ob es sich als Einzelperson oder im Namen einer Firma oder Organisation (unter Angabe des Namens derselben) registriert.<\/p>\n<p><strong>1.3 Hochladen.<\/strong> Von Mitgliedern hochgeladene Werke d\u00fcrfen nur \u00fcber das Konto des betreffenden Mitglieds erfolgen. Die betreffenden Werke unterliegen dem <a href=\"https:\/\/www.lautern-frueher.de\/cms\/upload-vertrag\/\">Upload Vertrag<\/a> sowie etwaigen Einschr\u00e4nkungen, die das Mitglied zum Zeitpunkt des Hochladens ggf. angibt. Der Upload-Vertrag gilt durch Bezugnahme als Bestandteil dieser Nutzungsbedingungen. Das Mitglied hat zudem angemessene Schl\u00fcsselbegriffe und eine Beschreibung der Werke einzugeben, damit jedes Werk klassifiziert und von der Suchmaschine der Website gesucht werden kann. Das Mitglied erh\u00e4lt <strong><u>keine Geb\u00fchren<\/u><\/strong> oder Zahlungen f\u00fcr einen Upload. <strong><u>Es handelt sich um eine geb\u00fchrenfreie selbstlose, der Allgemeinheit dienenden Zurverf\u00fcgungstellung des Werkes \u00fcber Kaiserslautern, wie es fr\u00fcher war.<\/u><\/strong><\/p>\n<p><strong>1.4 Herunterladen.<\/strong> Das Herunterladen von Werken ist nicht m\u00f6glich und damit ausgeschlossen. Es gilt das Prinzip eines \u201edigitalen Bilderbuches\/Nachschlagewerkes\u201c, ohne M\u00f6glichkeit der privaten Nutzung durch eine Downloadfunktion.<\/p>\n<p><strong>1.5 Datenschutz.<\/strong>Die Datenschutzrichtlinie regelt alle Personendaten, die Sie uns \u00fcbermitteln, und gilt durch Bezugnahme als Bestandteil dieser Nutzungsbedingungen. Mit Ihrer Nutzung der Dienste oder Website erkl\u00e4ren Sie sich mit diesen Bedingungen der Datenschutzrichtlinie einverstanden.<\/p>\n<p>&nbsp;<\/p>\n<h4>2. Allgemeines<\/h4>\n<p>Die Nutzung der Dienste ist Ihnen nur gestattet, wenn (a) Sie zum Abschlie\u00dfen dieses Vertrags berechtigt sind und (b) Ihre Nutzung nicht gegen geltendes Recht verst\u00f6\u00dft<\/p>\n<p>&nbsp;<\/p>\n<h4>3. Ihre Nutzung der Werke<\/h4>\n<p><strong>3.1 Einschr\u00e4nkungen.<\/strong> Werke d\u00fcrfen nur in \u00dcbereinstimmung mit diesen Nutzungsbedingungen und dem Upload-Vertrag auf die Website hochgeladen werden. Die Verwendung, Vervielf\u00e4ltigung, Verbreitung, Zurschaustellung oder Erstellung abgeleiteter Werke auf der Grundlage von Werken, die auf der Website erscheinen, ist nicht gestattet.<\/p>\n<p><strong>3.2 Eigentumsrecht.<\/strong> Auf oder mit der Website erfolgt keine \u00dcbertragung von Eigentumsrechten an Werken und kein Verkauf von Werken. Auf oder mit der Website wird nur das Recht gew\u00e4hrt, Fotos und ggf. andere Werke anzuschauen und zu suchen. Wir und unsere Lizenzgeber behalten s\u00e4mtliche Eigentumsrechte an den Werken. Die Werke sind durch unsere Urheber-, Marken und sonstigen geistigen Eigentumsrechte oder die unserer Lizenzgeber gedeckt und gesch\u00fctzt.<\/p>\n<p>&nbsp;<\/p>\n<h4>4. Ihre Nutzung der Webseite<\/h4>\n<p><strong>4.1 Allgemeine Lizenz f\u00fcr Ihren Inhalt.<\/strong> Neben den notwendigen Lizenzen f\u00fcr die Werke gem\u00e4\u00df dem Upload-Vertrag ben\u00f6tigen wir bestimmte Lizenzen von Ihnen f\u00fcr Ihren auf die Website hochgeladenen oder dort eingestellten Inhalt. Mit dem Hochladen von Inhalt (wie Ihre Kommentare zu unseren Blogs) auf die Dienste gew\u00e4hren Sie uns eine nicht exklusive, weltweite, geb\u00fchrenfreie, unterlizenzierbare und \u00fcbertragbare Lizenz zur Nutzung, Vervielf\u00e4ltigung, \u00f6ffentlichen Zurschaustellung, Verbreitung, \u00c4nderung (z. B. zur besseren Darstellung Ihres Inhalts), \u00f6ffentlichen Auff\u00fchrung und \u00dcbersetzung des Inhalts nach Bedarf in Reaktion auf benutzergesteuerte Ma\u00dfnahmen (wenn Sie z. B. die private Speicherung oder das Teilen Ihres Inhalts mit anderen w\u00e4hlen). Die Lizenz dient nur dem Zweck der Bereitstellung und Verbesserung der Dienste.<\/p>\n<p><strong>4.2<\/strong> Wir sind nicht zur Pr\u00fcfung von Werken oder anderen Inhalten verpflichtet, die auf die Website hochgeladen oder dort eingestellt werden, und wir tragen keine Verantwortung f\u00fcr diese Werke oder sonstigen Inhalte. Wir haben das Recht, Werke oder Inhalte, die auf die Website hochgeladen oder dort gepostet werden, anzunehmen, abzulehnen, zu l\u00f6schen, zu verschieben oder zu bearbeiten. Wenn Sie Werke oder Inhalte auf die Website hochladen oder dort posten bzw. Werke oder andere Inhalte unter Verwendung Ihres Kontos auf die Website hochgeladen oder dort gepostet werden, dann tragen Sie die alleinige Verantwortung f\u00fcr diese Werke bzw. andere Materialien und Inhalte.<\/p>\n<p><strong>4.3<\/strong> Wir tragen keine Verantwortung f\u00fcr Inhalte auf anderen Websites, auf die Sie von unserer Website aus eventuell zugreifen, einschlie\u00dflich Weblogs, Kommentare zu Weblogs oder Foren auf der Website.<\/p>\n<p><strong>4.4<\/strong> Wir d\u00fcrfen Dienste auf der Website jederzeit ganz oder teilweise \u00e4ndern, aktualisieren oder einstellen. Wir d\u00fcrfen jederzeit und aus beliebigem Grund stillschweigend Material \u00fcberarbeiten oder von unserer Website entfernen, insbesondere wegen Bedenken zu geistigen Eigentumsrechten, entsprechenden Genehmigungen oder wegen unserer vertraglichen Pflichten oder gesetzlichen Auflagen. Wir sind nicht zur Bereitstellung oder fortgesetzten Bereitstellung der Website oder eines bestimmten Abschnitts oder damit zusammenh\u00e4ngenden Dienstes an Sie verpflichtet.<\/p>\n<p>&nbsp;<\/p>\n<h4>5. Einschr\u00e4nkungen<\/h4>\n<p><strong>5.1 Missbrauch der Dienste oder Website ist untersagt.<\/strong> Es ist Ihnen insbesondere untersagt:<\/p>\n<ol>\n<li>Anderen Personen Zugriff zu Ihrem Konto zu gew\u00e4hren.<\/li>\n<li>Die Website auf vertrags- oder gesetzeswidrige Weise zu nutzen.<\/li>\n<li>Werke oder anderes Material, die urheberrechtlich, markenrechtlich oder durch andere geistige Eigentumsrechte gesch\u00fctzt sind, auf die Website hochzuladen oder dort zu posten oder die Website zu deren \u00dcbermittlung zu nutzen, es sei denn, Sie besitzen oder beherrschen diese Rechte oder haben alle notwendigen Zustimmungen erhalten.<\/li>\n<li>Verleumderische oder ehrenr\u00fchrige oder anderweitig rufsch\u00e4digende, anst\u00f6\u00dfige oder sittenwidrige Werke oder Inhalte auf die Website hochzuladen oder dort zu posten oder die Website zu deren \u00dcbermittlung zu nutzen.<\/li>\n<li>Werke oder Inhalte, die Viren, W\u00fcrmer, Trojaner oder anderen Schadcode mit b\u00f6swilligen, st\u00f6renden oder vernichtenden Funktionen enthalten oder darstellen, auf die Website hochzuladen oder dort zu posten oder die Website zu deren \u00dcbermittlung zu nutzen.<\/li>\n<li>Der Versuch, unbefugten Zugang zu Hardware- oder Software-Systemen oder Netzwerken zu erlangen, die mit der Website in Zusammenhang stehen, oder Dienstleistungen oder Informationen zu erlangen, die Ihnen nicht absichtlich auf der oder \u00fcber die Website zur Verf\u00fcgung gestellt werden.<\/li>\n<li>Der Versuch, unbefugten Zugang zum Konto einer anderen nat\u00fcrlichen oder juristischen Person zu erlangen oder die Nutzung der Website durch eine andere nat\u00fcrliche oder juristische Person anderweitig zu st\u00f6ren.<\/li>\n<li>Der Einsatz falscher oder irref\u00fchrender Angaben (z. B. falsche oder irref\u00fchrende Namen, E-Mail-Adressen oder URLs) bei der Nutzung der Website, insbesondere in Bezug auf den Ursprung oder die Quelle eines Werks oder sonstigen Materials oder Inhalts, das bzw. den Sie hochladen, oder kennzeichnende Daten f\u00fcr Ihr Konto.<\/li>\n<\/ol>\n<p><strong>5.2<\/strong> Es ist untersagt, die Website auf betr\u00fcgerische oder eine andere Weise zu nutzen, f\u00fcr die die Website nach vern\u00fcnftiger Auffassung nicht gedacht war.<\/p>\n<p>&nbsp;<\/p>\n<h4>6. Zusicherungen und Gew\u00e4hrleistung<\/h4>\n<p>Durch die Nutzung unserer Website gew\u00e4hrleisten Sie, dass Sie \u00fcber Folgendes verf\u00fcgen: (a) alle notwendigen Lizenzen und Genehmigungen zum Hochladen und Teilen Ihrer Werke und (b) die notwendigen Rechte zur Gew\u00e4hrung der Lizenzen in diesen Bedingungen.<\/p>\n<p>&nbsp;<\/p>\n<h4>7. Schadloshaltung<\/h4>\n<p>Sie werden uns gegen\u00fcber s\u00e4mtlichen Forderungen, Anspr\u00fcchen, Verlusten oder Sch\u00e4den, einschlie\u00dflich angemessener Anwaltsgeb\u00fchren, schadlos halten, die sich aus oder im Zusammenhang mit Ihren Werken oder anderen von Ihnen an uns bereitgestellten Inhalten, Ihrer Nutzung der Dienste bzw. Website oder Ihrem Versto\u00df gegen diese Bedingungen ergeben.<\/p>\n<p>&nbsp;<\/p>\n<h4>8. Gew\u00e4hrleistungsausschluss<\/h4>\n<p><strong>8.1<\/strong> Die Dienste, die Werke und die Website werden ohne M\u00e4ngelgew\u00e4hr bereitgestellt. Soweit rechtlich zul\u00e4ssig, lehnen wir alle ausdr\u00fccklichen oder stillschweigenden Gew\u00e4hrleistungen ab. Wir geben keine Zusicherungen zu den Werken oder dem Inhalt innerhalb der Dienste ab. Des Weiteren geben wir keinerlei Gew\u00e4hr f\u00fcr: (i) dass die Dienste oder Werke Ihre Anforderungen erf\u00fcllen oder fortlaufend, ohne Unterbrechung, zeitnah, sicher oder fehlerfrei zur Verf\u00fcgung stehen; (ii) dass die Ergebnisse aus der Nutzung der Dienste wirksam, richtig oder zuverl\u00e4ssig sind; (iii) dass die Qualit\u00e4t der Dienste oder Werke Ihre Erwartungen erf\u00fcllt; (iv) dass Fehler oder M\u00e4ngel an den Werken oder Diensten behoben werden.<\/p>\n<p><strong>8.2<\/strong> Insbesondere lehnen wir jegliche Haftung f\u00fcr Klagen ab, die durch Ihre Nutzung irgendwelcher Dienste oder Werke entstanden ist. Sie d\u00fcrfen die Dienste oder Werke in Ihrem eigenen Ermessen und auf eigenes Risiko nutzen und aufrufen, und Sie allein sind verantwortlich f\u00fcr Sch\u00e4den an Ihrem Computersystem oder den Verlust von Daten, die sich aus der Nutzung von und dem Zugriff auf Dienste oder Werke ergeben.<\/p>\n<p>&nbsp;<\/p>\n<h4>9. Haftungsbeschr\u00e4nkung<\/h4>\n<p>Wir haften Ihnen oder anderen Personen gegen\u00fcber nicht f\u00fcr Schadensersatz f\u00fcr besondere Schadensfolgen, f\u00fcr Neben- und Folgekosten oder Bu\u00dfgeldzahlungen; hierin eingeschlossen sind Schadensersatz (i) aus dem vorhersehbaren oder nicht vorhersehbaren Verlust der Nutzung, Daten oder Gewinne, (ii) auf der Grundlage jeglicher Haftungstheorie, einschlie\u00dflich Vertrags- oder Garantieverletzung, Fahrl\u00e4ssigkeit oder anderer unrechtm\u00e4\u00dfiger Handlungen oder (iii) aus anderen Forderungen, die sich aus oder im Zusammenhang mit Ihrer Nutzung von oder Ihrem Zugriff auf Dienste oder Werke ergeben. Diese Bedingungen sind nicht als Beschr\u00e4nkung oder Ausschluss unserer Haftung f\u00fcr grobe Fahrl\u00e4ssigkeit oder f\u00fcr vors\u00e4tzliches Fehlverhalten unsererseits zu werten. Mit Ausnahme der im Upload-Vertrag gemachten Angaben, ist die Gesamthaftung in einer beliebigen Sache, die sich aus oder im Zusammenhang mit diesen Bedingungen ergibt, auf 50 EUR beschr\u00e4nkt.<\/p>\n<p>&nbsp;<\/p>\n<h4>10. K\u00fcndigung und Aussetzung<\/h4>\n<p><strong>10.1<\/strong> Wir d\u00fcrfen in unserem Ermessen diese Bedingungen oder Ihr Konto nach Mitteilung an Sie k\u00fcndigen, insbesondere wegen Verletzung dieser Bedingungen Ihrerseits (oder einer Handlung, die deutlich zeigt, dass Sie die Einhaltung dieser Bedingungen nicht beabsichtigen oder dazu nicht in der Lage sind), wenn die Bereitstellung der Dienste in Ihrer Region einen zu gro\u00dfen Aufwand f\u00fcr uns bedeuten w\u00fcrde oder wenn Sie die Website nicht aktiv genug nutzen. Sie d\u00fcrfen diese Bedingungen oder Ihr Konto jederzeit k\u00fcndigen.<\/p>\n<p><strong>10.2<\/strong> Stellen wir wiederholte Verst\u00f6\u00dfe seitens des Nutzers fest, werden wir den Zugriff eines Nutzers auf die Website sperren.<\/p>\n<p><strong>10.3<\/strong> Wir d\u00fcrfen Ihr Konto jederzeit und f\u00fcr eine beliebige Dauer aussetzen. W\u00e4hrend der Aussetzung Ihres Kontos k\u00f6nnen Sie keine Werke auf die Website hochladen, k\u00f6nnen aber weiterhin auf Ihr Konto zugreifen.<\/p>\n<p>&nbsp;<\/p>\n<h4>11. Wirkung der K\u00fcndigung<\/h4>\n<p>Die K\u00fcndigung dieser Bedingungen hat zur Folge:<\/p>\n<ol>\n<li>Ihr Konto wird aufgel\u00f6st.<\/li>\n<li>Alle von Ihnen hochgeladenen Werke bleiben auf der Website<\/li>\n<li>Wir d\u00fcrfen Sie von der Anmeldung als Nutzer oder vom Zugriff auf die Dienste oder Website ausschlie\u00dfen<\/li>\n<\/ol>\n<p>&nbsp;<\/p>\n<h4>12. Verschiedenes<\/h4>\n<p><strong>12.1 Geltendes Recht.<\/strong> Es gilt unwiderruflich das Recht der Bundesrepublik Deutschland. Die Anwendung bilateraler Abkommen wird ausgeschlossen. Gerichtsstand ist Kaiserslautern.<\/p>\n<p><strong>12.2<\/strong> Das Verh\u00e4ltnis zwischen Ihnen und uns nach diesen Bedingungen ist ein Verh\u00e4ltnis zwischen unabh\u00e4ngigen Vertragspartnern.<\/p>\n<p><strong>12.3 Steuern.<\/strong> Sie sind verantwortlich f\u00fcr alle Steuern und Abgaben, die in irgendeinem Rechtsraum im Zusammenhang mit Ihrer Nutzung der Website erhoben werden.<\/p>\n<p><strong>12.4 Salvatorische Klausel.<\/strong> Sollte eine bestimmte Klausel nicht durchsetzbar sein, so bleiben die \u00fcbrigen Klauseln von dieser Nichtdurchsetzbarkeit unber\u00fchrt.<\/p>\n<p><strong>12.5 \u00c4nderung.<\/strong> Wir d\u00fcrfen diese Nutzungsbedingungen oder weitere Bedingungen, die sich auf diese Dienste beziehen, \u00e4ndern, um z. B. gesetzliche \u00c4nderungen aufzunehmen. Sehen Sie sich die Bedingungen regelm\u00e4\u00dfig an. Wir stellen eine Mitteilung \u00fcber erfolgte \u00c4nderungen an diesen Bedingungen auf diese Seite. Mit Ihrer fortgesetzten Nutzung der oder Ihrem Zugriff auf die Dienste nach Inkrafttreten der \u00c4nderungen erkennen Sie die ge\u00e4nderten Bedingungen als verbindlich an.[\/vc_column_text][\/vc_column][\/vc_row]<\/p>\n<\/div>","protected":false},"excerpt":{"rendered":"<p>[vc_row][vc_column offset=&#8220;vc_col-xs-1&#8243;][vc_column_text css=&#8220;.vc_custom_1469002697385{margin-bottom: 20px !important;}&#8220;] Nutzungsbedingungen [\/vc_column_text][\/vc_column][\/vc_row][vc_row][vc_column][vc_column_text]Zuletzt aktualisiert am 24.05.2016 Grundlage dieses Vertrages ist die Idee, \u00fcber die Dom\u00e4ne www.lautern-frueher.de, der interessierten \u00d6ffentlichkeit Fotos, Dokumente, Berichte und \u00c4hnliches kostenfrei und ohne die Absicht, mit den Informationen und Werken in gewerblicher Weise Ums\u00e4tze zu erzielen, zur Verf\u00fcgung zu stellen. Es handelt sich um einen selbstlosen Dienst&hellip;<\/p>\n","protected":false},"author":1,"featured_media":0,"parent":0,"menu_order":0,"comment_status":"closed","ping_status":"closed","template":"","meta":{"footnotes":""},"class_list":["post-627","page","type-page","status-publish","hentry","description-off"],"_links":{"self":[{"href":"https:\/\/www.lautern-frueher.de\/cms\/wp-json\/wp\/v2\/pages\/627","targetHints":{"allow":["GET"]}}],"collection":[{"href":"https:\/\/www.lautern-frueher.de\/cms\/wp-json\/wp\/v2\/pages"}],"about":[{"href":"https:\/\/www.lautern-frueher.de\/cms\/wp-json\/wp\/v2\/types\/page"}],"author":[{"embeddable":true,"href":"https:\/\/www.lautern-frueher.de\/cms\/wp-json\/wp\/v2\/users\/1"}],"replies":[{"embeddable":true,"href":"https:\/\/www.lautern-frueher.de\/cms\/wp-json\/wp\/v2\/comments?post=627"}],"version-history":[{"count":6,"href":"https:\/\/www.lautern-frueher.de\/cms\/wp-json\/wp\/v2\/pages\/627\/revisions"}],"predecessor-version":[{"id":642,"href":"https:\/\/www.lautern-frueher.de\/cms\/wp-json\/wp\/v2\/pages\/627\/revisions\/642"}],"wp:attachment":[{"href":"https:\/\/www.lautern-frueher.de\/cms\/wp-json\/wp\/v2\/media?parent=627"}],"curies":[{"name":"wp","href":"https:\/\/api.w.org\/{rel}","templated":true}]}}